{"id":2819,"date":"2023-05-19T00:20:44","date_gmt":"2023-05-18T21:20:44","guid":{"rendered":"https:\/\/fperjoficial.com.br\/novo\/?page_id=2819"},"modified":"2024-03-25T20:09:37","modified_gmt":"2024-03-25T17:09:37","slug":"ccpc-2024","status":"publish","type":"page","link":"https:\/\/fperjoficial.com.br\/novo\/torneios-fperj\/ccpc-2024\/","title":{"rendered":"CCPC 2024"},"content":{"rendered":"\n<div id=\"rise-blocks-section-block-instance-0-8e7574ad-764f-47dd-9cce-281c59c82162\" class=\"wp-block-rise-blocks-section\"><div class=\"rise-blocks-boxed rise-blocks-section-wrapper\"><div class=\"rise-blocks-section-overlay\"><\/div><div class=\"rise-blocks-section-inner\">\n<p><\/p>\n<\/div><\/div><\/div>\n\n\n\n<div id=\"rise-blocks-section-block-instance-1-d85ea75a-7ff5-40d8-b8a6-39857ff44227\" class=\"wp-block-rise-blocks-section\"><div class=\"rise-blocks-full-width rise-blocks-section-wrapper\"><div class=\"rise-blocks-section-overlay\"><\/div><div class=\"rise-blocks-section-inner\">\n<div id=\"section-g84b279\" class=\"wp-block-gutentor-e6 section-g84b279 gutentor-element gutentor-element-image text-align-center-desktop\"><div class=\"gutentor-element-image-box\"><div class=\"gutentor-bg-image\"><\/div><\/div><\/div>\n<\/div><\/div><\/div>\n\n\n\n<div id=\"rise-blocks-section-block-instance-2-8eb71b83-418d-418d-b324-4b0f3d2deca1\" class=\"wp-block-rise-blocks-section\"><div class=\"rise-blocks-boxed rise-blocks-section-wrapper\"><div class=\"rise-blocks-section-overlay\"><\/div><div class=\"rise-blocks-section-inner\">\n<h2 class=\"wp-block-heading has-text-align-center has-white-color has-text-color\">INSCRI\u00c7\u00d5ES CCPC 2024<\/h2>\n<\/div><\/div><\/div>\n\n\n\n<div id=\"rise-blocks-section-block-instance-3-71ad363f-ef02-4c81-a441-d88b9d675c9d\" class=\"wp-block-rise-blocks-section\"><div class=\"rise-blocks-boxed rise-blocks-section-wrapper\"><div class=\"rise-blocks-section-overlay\"><\/div><div class=\"rise-blocks-section-inner\">\n<div class=\"wp-block-columns is-layout-flex wp-container-core-columns-is-layout-9d6595d7 wp-block-columns-is-layout-flex\">\n<div class=\"wp-block-column has-white-color has-text-color is-layout-flow wp-block-column-is-layout-flow\" style=\"flex-basis:70%\">\n<div id=\"section-gd61ff0\" class=\"wp-block-gutentor-e1 section-gd61ff0 gutentor-element gutentor-element-advanced-text d-lg-none\"><div class=\"gutentor-text-wrap\"><p class=\"gutentor-text\">PARA SE INSCREVER CLIQUE NO LINK DO BANNER DO EVENTO<\/p><\/div><\/div>\n\n\n\n<p>&#8211; VALOR POR EQUIPE:<\/p>\n\n\n\n<ul class=\"has-white-color has-text-color wp-block-list\">\n<li>R$ 850,00 PARA EQUIPES COM TODOS INTEGRANTES FEDERADOS<\/li>\n\n\n\n<li>R$ 1.500,00 PARA EQUIPES COM INTEGRANTES N\u00c3O FEDERADOS<\/li>\n<\/ul>\n\n\n\n<p class=\"has-white-color has-text-color\">-INSCRI\u00c7\u00d5ES ABERTAS AT\u00c9 12 DE ABRIL. VAGAS LIMITADAS<br>-JOGADORES POR EQUIPE: 7 (5 + 2 RESERVAS)<br>-BOLINHAS POR PARTIDA: LOADER CHEIO + 1 TUBE DE BOLINHAS POR JOGADOR <br>-CATEGORIAS PR\u00d3 E NOVATOS<br>-VERIFIQUEM A CLASSIFICA\u00c7\u00c3O DE JOGADORES NA SE\u00c7\u00c3O RANKING<\/p>\n\n\n\n<p class=\"has-black-color has-text-color\"><\/p>\n\n\n\n<p class=\"has-white-color has-text-color\">MAIORES INFORMA\u00c7\u00d5ES NO WHATSAPP FPERJ (21) 9773-3650<\/p>\n\n\n\n<p><\/p>\n\n\n\n<p><\/p>\n<\/div>\n\n\n\n<div class=\"wp-block-column is-layout-flow wp-block-column-is-layout-flow\" style=\"flex-basis:33.33%\"><style>.wp-block-kadence-column.kb-section-dir-horizontal > .kt-inside-inner-col > .kt-info-box2819_bb080b-f0 .kt-blocks-info-box-link-wrap{max-width:unset;}.kt-info-box2819_bb080b-f0 .kt-blocks-info-box-link-wrap{border-top-left-radius:0px;border-top-right-radius:0px;border-bottom-right-radius:0px;border-bottom-left-radius:0px;background:var(--global-palette6, #718096);padding-top:0px;padding-right:0px;padding-bottom:10px;padding-left:0px;margin-top:0px;margin-right:0px;margin-bottom:0px;margin-left:0px;}.kt-info-box2819_bb080b-f0 .kt-blocks-info-box-link-wrap:hover{background:#ffffff;}.kt-info-box2819_bb080b-f0.wp-block-kadence-infobox{max-width:100%;}.kt-info-box2819_bb080b-f0 .kadence-info-box-image-inner-intrisic-container{max-width:1080px;}.kt-info-box2819_bb080b-f0 .kadence-info-box-image-inner-intrisic-container .kadence-info-box-image-intrisic{padding-bottom:100%;width:1080px;height:0px;max-width:100%;}.kt-info-box2819_bb080b-f0 .kadence-info-box-icon-container .kt-info-svg-icon, .kt-info-box2819_bb080b-f0 .kt-info-svg-icon-flip, .kt-info-box2819_bb080b-f0 .kt-blocks-info-box-number{font-size:50px;}.kt-info-box2819_bb080b-f0 .kt-blocks-info-box-media{color:var(--global-palette9, #ffffff);background:transparent;border-color:#444444;border-top-width:0px;border-right-width:0px;border-bottom-width:0px;border-left-width:0px;padding-top:0px;padding-right:0px;padding-bottom:0px;padding-left:0px;}.kt-info-box2819_bb080b-f0 .kt-blocks-info-box-media-container{margin-top:0px;margin-right:0px;margin-bottom:0px;margin-left:0px;}.kt-info-box2819_bb080b-f0 .kt-blocks-info-box-link-wrap:hover .kt-blocks-info-box-media{color:var(--global-palette7, #EDF2F7);background:transparent;border-color:#444444;}.kt-info-box2819_bb080b-f0 .kt-infobox-textcontent h4.kt-blocks-info-box-title{color:var(--global-palette9, #ffffff);font-weight:600;padding-top:0px;padding-right:0px;padding-bottom:0px;padding-left:0px;margin-top:5px;margin-right:0px;margin-bottom:0px;margin-left:0px;}.kt-info-box2819_bb080b-f0 .kt-blocks-info-box-link-wrap:hover h4.kt-blocks-info-box-title{color:#666666;}.kt-info-box2819_bb080b-f0 .kt-infobox-textcontent .kt-blocks-info-box-text{color:var(--global-palette7, #EDF2F7);}.wp-block-kadence-infobox.kt-info-box2819_bb080b-f0 .kt-blocks-info-box-text{padding-top:0px;padding-right:0px;padding-bottom:0px;padding-left:0px;}.kt-info-box2819_bb080b-f0 .kt-blocks-info-box-learnmore{color:#ffffff;background:transparent;border-color:#ffffff;border-radius:3px;font-size:14px;border-width:1px 1px 1px 1px;padding-top:4px;padding-right:8px;padding-bottom:4px;padding-left:8px;margin-top:10px;margin-right:0px;margin-bottom:10px;margin-left:0px;}.kt-info-box2819_bb080b-f0 .kt-blocks-info-box-link-wrap:hover .kt-blocks-info-box-learnmore,.kt-info-box2819_bb080b-f0 .kt-blocks-info-box-link-wrap .kt-blocks-info-box-learnmore:focus{color:#000000;background:rgba(171,184,195,0.19);border-color:#666666;}.kt-info-box2819_bb080b-f0 .kt-blocks-info-box-link-wrap{box-shadow:0px -100px 0px -100px var(--global-palette7, #EDF2F7);}.kt-info-box2819_bb080b-f0 .kt-blocks-info-box-link-wrap:hover{box-shadow:0px 0px 14px 0px rgba(0, 0, 0, 0.2);}@media all and (max-width: 1024px){.kt-info-box2819_bb080b-f0 .kt-blocks-info-box-link-wrap{box-shadow:0px -100px 0px -100px var(--global-palette7, #EDF2F7);}}@media all and (max-width: 1024px){.kt-info-box2819_bb080b-f0 .kt-blocks-info-box-link-wrap:hover{box-shadow:0px 0px 14px 0px rgba(0, 0, 0, 0.2);}}@media all and (max-width: 767px){.kt-info-box2819_bb080b-f0 .kt-blocks-info-box-link-wrap{box-shadow:0px -100px 0px -100px var(--global-palette7, #EDF2F7);}.kt-info-box2819_bb080b-f0 .kt-blocks-info-box-link-wrap:hover{box-shadow:0px 0px 14px 0px rgba(0, 0, 0, 0.2);}}<\/style>\n<div class=\"wp-block-kadence-infobox kt-info-box2819_bb080b-f0 ticss-befba094\"><a class=\"kt-blocks-info-box-link-wrap info-box-link kt-blocks-info-box-media-align-top kt-info-halign-center\" target=\"_blank\" rel=\"noopener noreferrer\" href=\"https:\/\/www.jotform.com\/form\/240844429503658\"><div class=\"kt-blocks-info-box-media-container\"><div class=\"kt-blocks-info-box-media kt-info-media-animate-none\"><div class=\"kadence-info-box-image-inner-intrisic-container\"><div class=\"kadence-info-box-image-intrisic kt-info-animate-none\"><div class=\"kadence-info-box-image-inner-intrisic\"><img fetchpriority=\"high\" decoding=\"async\" src=\"https:\/\/fperjoficial.com.br\/novo\/wp-content\/uploads\/2024\/03\/ccpc24-5.png\" alt=\"\" width=\"1080\" height=\"1080\" class=\"kt-info-box-image wp-image-3113\"\/><\/div><\/div><\/div><\/div><\/div><div class=\"kt-infobox-textcontent\"><h4 class=\"kt-blocks-info-box-title\">Inscri\u00e7\u00e3o CCPC<br\/>Campeonato Carioca<\/h4><div class=\"kt-blocks-info-box-learnmore-wrap\"><span class=\"kt-blocks-info-box-learnmore\">CLIQUE AQUI<\/span><\/div><\/div><\/a><\/div>\n<\/div>\n<\/div>\n<\/div><\/div><\/div>\n\n\n\n<div id=\"rise-blocks-section-block-instance-4-92ab4f48-3ed9-4b32-9eec-c6f796e61c59\" class=\"wp-block-rise-blocks-section\"><div class=\"rise-blocks-boxed rise-blocks-section-wrapper\"><div class=\"rise-blocks-section-overlay\"><\/div><div class=\"rise-blocks-section-inner\">\t\t\t<div id=\"rise-blocks-image-slider-block-instance-0-1f469aab-e153-4cac-bae7-5911aae43f44\" class=\"rise-blocks-image-slider\">\r\n\t\t\t\t\t\t\t\t\t\t\t\t\t\t\t<div class=\"rise-blocks-image-slider-init\">\r\n\t\t\t\t\t\t\t\t\t\t\t\t\t\t<a class=\"image-slider\" href=\"#\" target=\"_self\">\r\n\t\t\t\t\t\t\t\t<span class=\"screen-reader-text\">ccpc<\/span>\r\n\t\t\t\t\t\t\t\t<img decoding=\"async\" src=\"https:\/\/fperjoficial.com.br\/novo\/wp-content\/uploads\/2024\/03\/ccpc.jpg\"\r\n\t\t\t\t\t\t\t\t\t height=\"1080\"\r\n\t\t\t\t\t\t\t\t\t width=\"100%\"\r\n\t\t\t\t\t\t\t\t\t alt=\"\"\r\n\t\t\t\t\t\t\t\t>\r\n\t\t\t\t\t\t\t<\/a>\r\n\t\t\t\t\t\t<\/div>\r\n\t\t\t\t\t\t\t\t\t\t\t<div class=\"rise-blocks-image-slider-init\">\r\n\t\t\t\t\t\t\t\t\t\t\t\t\t\t<a class=\"image-slider\" href=\"#\" target=\"_self\">\r\n\t\t\t\t\t\t\t\t<span class=\"screen-reader-text\">ccpc-1<\/span>\r\n\t\t\t\t\t\t\t\t<img decoding=\"async\" src=\"https:\/\/fperjoficial.com.br\/novo\/wp-content\/uploads\/2024\/03\/ccpc-1.jpg\"\r\n\t\t\t\t\t\t\t\t\t height=\"1080\"\r\n\t\t\t\t\t\t\t\t\t width=\"100%\"\r\n\t\t\t\t\t\t\t\t\t alt=\"\"\r\n\t\t\t\t\t\t\t\t>\r\n\t\t\t\t\t\t\t<\/a>\r\n\t\t\t\t\t\t<\/div>\r\n\t\t\t\t\t\t\t\t\t\t\t<div class=\"rise-blocks-image-slider-init\">\r\n\t\t\t\t\t\t\t\t\t\t\t\t\t\t<a class=\"image-slider\" href=\"#\" target=\"_self\">\r\n\t\t\t\t\t\t\t\t<span class=\"screen-reader-text\">ccpc24-5<\/span>\r\n\t\t\t\t\t\t\t\t<img decoding=\"async\" src=\"https:\/\/fperjoficial.com.br\/novo\/wp-content\/uploads\/2024\/03\/ccpc24-5.png\"\r\n\t\t\t\t\t\t\t\t\t height=\"1080\"\r\n\t\t\t\t\t\t\t\t\t width=\"100%\"\r\n\t\t\t\t\t\t\t\t\t alt=\"\"\r\n\t\t\t\t\t\t\t\t>\r\n\t\t\t\t\t\t\t<\/a>\r\n\t\t\t\t\t\t<\/div>\r\n\t\t\t\t\t\t\t\t\t\t\t<div class=\"rise-blocks-image-slider-init\">\r\n\t\t\t\t\t\t\t\t\t\t\t\t\t\t<a class=\"image-slider\" href=\"#\" target=\"_self\">\r\n\t\t\t\t\t\t\t\t<span class=\"screen-reader-text\">308065438_1278264009608239_5762096075890166601_n<\/span>\r\n\t\t\t\t\t\t\t\t<img decoding=\"async\" src=\"https:\/\/fperjoficial.com.br\/novo\/wp-content\/uploads\/2023\/05\/308065438_1278264009608239_5762096075890166601_n.jpg\"\r\n\t\t\t\t\t\t\t\t\t height=\"1080\"\r\n\t\t\t\t\t\t\t\t\t width=\"100%\"\r\n\t\t\t\t\t\t\t\t\t alt=\"\"\r\n\t\t\t\t\t\t\t\t>\r\n\t\t\t\t\t\t\t<\/a>\r\n\t\t\t\t\t\t<\/div>\r\n\t\t\t\t\t\t\t\t\t\t\t<div class=\"rise-blocks-image-slider-init\">\r\n\t\t\t\t\t\t\t\t\t\t\t\t\t\t<a class=\"image-slider\" href=\"#\" target=\"_self\">\r\n\t\t\t\t\t\t\t\t<span class=\"screen-reader-text\">308184283_1278272492940724_997196668359922029_n<\/span>\r\n\t\t\t\t\t\t\t\t<img decoding=\"async\" src=\"https:\/\/fperjoficial.com.br\/novo\/wp-content\/uploads\/2023\/05\/308184283_1278272492940724_997196668359922029_n.jpg\"\r\n\t\t\t\t\t\t\t\t\t height=\"1080\"\r\n\t\t\t\t\t\t\t\t\t width=\"100%\"\r\n\t\t\t\t\t\t\t\t\t alt=\"\"\r\n\t\t\t\t\t\t\t\t>\r\n\t\t\t\t\t\t\t<\/a>\r\n\t\t\t\t\t\t<\/div>\r\n\t\t\t\t\t\t\t\t\t\t\t\t<\/div>\r\n\t\t\t<\/div><\/div><\/div>\n","protected":false},"excerpt":{"rendered":"","protected":false},"author":1,"featured_media":0,"parent":2608,"menu_order":0,"comment_status":"closed","ping_status":"closed","template":"page-templates\/full-width.php","meta":{"footnotes":""},"class_list":["post-2819","page","type-page","status-publish","hentry"],"rise-blocks_excerpt":"","_links":{"self":[{"href":"https:\/\/fperjoficial.com.br\/novo\/wp-json\/wp\/v2\/pages\/2819","targetHints":{"allow":["GET"]}}],"collection":[{"href":"https:\/\/fperjoficial.com.br\/novo\/wp-json\/wp\/v2\/pages"}],"about":[{"href":"https:\/\/fperjoficial.com.br\/novo\/wp-json\/wp\/v2\/types\/page"}],"author":[{"embeddable":true,"href":"https:\/\/fperjoficial.com.br\/novo\/wp-json\/wp\/v2\/users\/1"}],"replies":[{"embeddable":true,"href":"https:\/\/fperjoficial.com.br\/novo\/wp-json\/wp\/v2\/comments?post=2819"}],"version-history":[{"count":53,"href":"https:\/\/fperjoficial.com.br\/novo\/wp-json\/wp\/v2\/pages\/2819\/revisions"}],"predecessor-version":[{"id":3124,"href":"https:\/\/fperjoficial.com.br\/novo\/wp-json\/wp\/v2\/pages\/2819\/revisions\/3124"}],"up":[{"embeddable":true,"href":"https:\/\/fperjoficial.com.br\/novo\/wp-json\/wp\/v2\/pages\/2608"}],"wp:attachment":[{"href":"https:\/\/fperjoficial.com.br\/novo\/wp-json\/wp\/v2\/media?parent=2819"}],"curies":[{"name":"wp","href":"https:\/\/api.w.org\/{rel}","templated":true}]}}