{"id":2926,"date":"2023-05-19T02:57:02","date_gmt":"2023-05-18T23:57:02","guid":{"rendered":"https:\/\/fperjoficial.com.br\/novo\/?page_id=2926"},"modified":"2023-05-19T03:51:18","modified_gmt":"2023-05-19T00:51:18","slug":"cbpc-2023","status":"publish","type":"page","link":"https:\/\/fperjoficial.com.br\/novo\/torneios-fperj\/cbpc-2023\/","title":{"rendered":"CBPC 2023"},"content":{"rendered":"\n<div id=\"rise-blocks-section-block-instance-0-c07e2-65e-ca1a-ec8f-60cbf2fb045\" class=\"wp-block-rise-blocks-section\"><div class=\"rise-blocks-boxed rise-blocks-section-wrapper\"><div class=\"rise-blocks-section-overlay\"><\/div><div class=\"rise-blocks-section-inner\">\n<div id=\"rise-blocks-section-block-instance-1-8c753b-31b8-a775-81fa-f84a527efe6a\" class=\"wp-block-rise-blocks-section\"><div class=\"rise-blocks-full-width rise-blocks-section-wrapper\"><div class=\"rise-blocks-section-overlay\"><\/div><div class=\"rise-blocks-section-inner\">\n<div id=\"section-gc0507c\" class=\"wp-block-gutentor-e6 section-gc0507c gutentor-element gutentor-element-image text-align-center-desktop\"><div class=\"gutentor-element-image-box\"><div class=\"gutentor-bg-image\"><\/div><\/div><\/div>\n<\/div><\/div><\/div>\n\n\n\n<div id=\"rise-blocks-section-block-instance-2-42dd38d-f05-d145-bfaf-d00c746f38d2\" class=\"wp-block-rise-blocks-section\"><div class=\"rise-blocks-full-width rise-blocks-section-wrapper\"><div class=\"rise-blocks-section-overlay\"><\/div><div class=\"rise-blocks-section-inner\">\n<div class=\"wp-block-columns alignfull are-vertically-aligned-center is-layout-flex wp-container-core-columns-is-layout-9d6595d7 wp-block-columns-is-layout-flex\">\n<div class=\"wp-block-column is-vertically-aligned-center has-white-color has-text-color is-layout-flow wp-block-column-is-layout-flow\" style=\"flex-basis:75%\">\n<div id=\"section-g7bfd0a\" class=\"wp-block-gutentor-e1 section-g7bfd0a gutentor-element gutentor-element-advanced-text d-lg-none\"><div class=\"gutentor-text-wrap\"><div class=\"gutentor-text\">PARA SE INSCREVER ACESSE O LINK NO FINAL DAS INFORMA\u00c7\u00d5ES<\/div><\/div><\/div>\n\n\n\n<p class=\"has-white-color has-text-color\">SOMENTE PARA AS EQUIPES CLASSIFICADAS NOS EVENTOS REGIONAIS DAS FEDERA\u00c7\u00d5ES FILIADAS \u00c0 CONFEDERA\u00c7\u00c3O BRASILEIRA<br> <br>&#8211; VALOR POR EQUIPE: R$ 1.500,00<\/p>\n\n\n\n<p class=\"has-white-color has-text-color\">-INSCRI\u00c7\u00d5ES ABERTAS AT\u00c9 30 DE JULHO. VAGAS LIMITADAS<\/p>\n\n\n\n<p class=\"has-white-color has-text-color\">MAIORES INFORMA\u00c7\u00d5ES NO WHATSAPP FPERJ (21) 97713-3650<\/p>\n\n\n\n<p><\/p>\n\n\n\n<p><\/p>\n<\/div>\n\n\n\n<div class=\"wp-block-column is-vertically-aligned-center is-layout-flow wp-block-column-is-layout-flow\" style=\"flex-basis:25%\"><style>.wp-block-kadence-column.kb-section-dir-horizontal > .kt-inside-inner-col > #kt-info-box_6e9923-d3 .kt-blocks-info-box-link-wrap{max-width:unset;}#kt-info-box_6e9923-d3 .kt-blocks-info-box-link-wrap{border-color:var(--global-palette9, #ffffff);border-top-width:0px;border-right-width:0px;border-bottom-width:0px;border-left-width:0px;background:var(--global-palette6, #718096);padding-top:0px;padding-right:0px;padding-bottom:10px;padding-left:0px;margin-top:0px;margin-right:0px;margin-bottom:0px;margin-left:0px;}#kt-info-box_6e9923-d3 .kt-blocks-info-box-link-wrap:hover{background:#ffffff;}#kt-info-box_6e9923-d3.wp-block-kadence-infobox{max-width:100%;}#kt-info-box_6e9923-d3 .kadence-info-box-image-inner-intrisic-container{max-width:600px;}#kt-info-box_6e9923-d3 .kadence-info-box-image-inner-intrisic-container .kadence-info-box-image-intrisic{padding-bottom:66.6667%;width:600px;height:0px;max-width:100%;}#kt-info-box_6e9923-d3 .kadence-info-box-icon-container .kt-info-svg-icon, #kt-info-box_6e9923-d3 .kt-info-svg-icon-flip, #kt-info-box_6e9923-d3 .kt-blocks-info-box-number{font-size:50px;}#kt-info-box_6e9923-d3 .kt-blocks-info-box-media{color:var(--global-palette9, #ffffff);background:transparent;border-color:#444444;border-top-width:0px;border-right-width:0px;border-bottom-width:0px;border-left-width:0px;padding-top:0px;padding-right:0px;padding-bottom:0px;padding-left:0px;}#kt-info-box_6e9923-d3 .kt-blocks-info-box-media-container{margin-top:0px;margin-right:0px;margin-bottom:0px;margin-left:0px;}#kt-info-box_6e9923-d3 .kt-blocks-info-box-link-wrap:hover .kt-blocks-info-box-media{color:var(--global-palette7, #EDF2F7);background:transparent;border-color:#444444;}#kt-info-box_6e9923-d3 .kt-infobox-textcontent h4.kt-blocks-info-box-title{color:var(--global-palette9, #ffffff);font-weight:600;padding-top:0px;padding-right:0px;padding-bottom:0px;padding-left:0px;margin-top:5px;margin-right:0px;margin-bottom:0px;margin-left:0px;}#kt-info-box_6e9923-d3 .kt-blocks-info-box-link-wrap:hover h4.kt-blocks-info-box-title{color:#666666;}#kt-info-box_6e9923-d3 .kt-infobox-textcontent .kt-blocks-info-box-text{color:var(--global-palette7, #EDF2F7);}.wp-block-kadence-infobox#kt-info-box_6e9923-d3 .kt-blocks-info-box-text{padding-top:0px;padding-right:0px;padding-bottom:0px;padding-left:0px;}#kt-info-box_6e9923-d3 .kt-blocks-info-box-learnmore{color:#ffffff;background:transparent;border-color:#ffffff;border-radius:3px;font-size:14px;border-width:1px 1px 1px 1px;padding-top:4px;padding-right:8px;padding-bottom:4px;padding-left:8px;margin-top:10px;margin-right:0px;margin-bottom:10px;margin-left:0px;}#kt-info-box_6e9923-d3 .kt-blocks-info-box-link-wrap:hover .kt-blocks-info-box-learnmore,#kt-info-box_6e9923-d3 .kt-blocks-info-box-link-wrap .kt-blocks-info-box-learnmore:focus{color:#000000;background:rgba(171,184,195,0.19);border-color:#666666;}#kt-info-box_6e9923-d3 .kt-blocks-info-box-link-wrap{box-shadow:0px -100px 0px -100px var(--global-palette7, #EDF2F7);}#kt-info-box_6e9923-d3 .kt-blocks-info-box-link-wrap:hover{box-shadow:0px 0px 14px 0px rgba(0, 0, 0, 0.2);}@media all and (max-width: 1024px){#kt-info-box_6e9923-d3 .kt-blocks-info-box-link-wrap{box-shadow:0px -100px 0px -100px var(--global-palette7, #EDF2F7);}}@media all and (max-width: 1024px){#kt-info-box_6e9923-d3 .kt-blocks-info-box-link-wrap:hover{box-shadow:0px 0px 14px 0px rgba(0, 0, 0, 0.2);}}@media all and (max-width: 767px){#kt-info-box_6e9923-d3 .kt-blocks-info-box-link-wrap{box-shadow:0px -100px 0px -100px var(--global-palette7, #EDF2F7);}#kt-info-box_6e9923-d3 .kt-blocks-info-box-link-wrap:hover{box-shadow:0px 0px 14px 0px rgba(0, 0, 0, 0.2);}}<\/style>\n<div id=\"kt-info-box_6e9923-d3\" class=\"wp-block-kadence-infobox ticss-4343b30a\"><a class=\"kt-blocks-info-box-link-wrap info-box-link kt-blocks-info-box-media-align-top kt-info-halign-center\" href=\"https:\/\/form.jotform.com\/231304018873653\" aria-label=\"Seja\"><div class=\"kt-blocks-info-box-media-container\"><div class=\"kt-blocks-info-box-media kt-info-media-animate-none\"><div class=\"kadence-info-box-image-inner-intrisic-container\"><div class=\"kadence-info-box-image-intrisic kt-info-animate-none\"><div class=\"kadence-info-box-image-inner-intrisic\"><img fetchpriority=\"high\" decoding=\"async\" src=\"https:\/\/fperjoficial.com.br\/novo\/wp-content\/uploads\/2023\/05\/Copia-de-CBPC-CRISTO-Kombat-e1683805544212.png\" alt=\"\" width=\"600\" height=\"400\" class=\"kt-info-box-image wp-image-2633\" srcset=\"https:\/\/fperjoficial.com.br\/novo\/wp-content\/uploads\/2023\/05\/Copia-de-CBPC-CRISTO-Kombat-e1683805544212.png 600w, https:\/\/fperjoficial.com.br\/novo\/wp-content\/uploads\/2023\/05\/Copia-de-CBPC-CRISTO-Kombat-e1683805544212-300x200.png 300w\" sizes=\"(max-width: 600px) 100vw, 600px\" \/><\/div><\/div><\/div><\/div><\/div><div class=\"kt-infobox-textcontent\"><h4 class=\"kt-blocks-info-box-title\">Inscri\u00e7\u00e3o CBPC<br\/>Campeonato Brasileiro<\/h4><div class=\"kt-blocks-info-box-learnmore-wrap\"><span class=\"kt-blocks-info-box-learnmore\">CLIQUE AQUI<\/span><\/div><\/div><\/a><\/div>\n<\/div>\n<\/div>\n<\/div><\/div><\/div>\n<\/div><\/div><\/div>\n","protected":false},"excerpt":{"rendered":"","protected":false},"author":1,"featured_media":0,"parent":2608,"menu_order":1,"comment_status":"closed","ping_status":"closed","template":"page-templates\/full-width.php","meta":{"footnotes":""},"class_list":["post-2926","page","type-page","status-publish","hentry"],"rise-blocks_excerpt":"","_links":{"self":[{"href":"https:\/\/fperjoficial.com.br\/novo\/wp-json\/wp\/v2\/pages\/2926","targetHints":{"allow":["GET"]}}],"collection":[{"href":"https:\/\/fperjoficial.com.br\/novo\/wp-json\/wp\/v2\/pages"}],"about":[{"href":"https:\/\/fperjoficial.com.br\/novo\/wp-json\/wp\/v2\/types\/page"}],"author":[{"embeddable":true,"href":"https:\/\/fperjoficial.com.br\/novo\/wp-json\/wp\/v2\/users\/1"}],"replies":[{"embeddable":true,"href":"https:\/\/fperjoficial.com.br\/novo\/wp-json\/wp\/v2\/comments?post=2926"}],"version-history":[{"count":51,"href":"https:\/\/fperjoficial.com.br\/novo\/wp-json\/wp\/v2\/pages\/2926\/revisions"}],"predecessor-version":[{"id":3014,"href":"https:\/\/fperjoficial.com.br\/novo\/wp-json\/wp\/v2\/pages\/2926\/revisions\/3014"}],"up":[{"embeddable":true,"href":"https:\/\/fperjoficial.com.br\/novo\/wp-json\/wp\/v2\/pages\/2608"}],"wp:attachment":[{"href":"https:\/\/fperjoficial.com.br\/novo\/wp-json\/wp\/v2\/media?parent=2926"}],"curies":[{"name":"wp","href":"https:\/\/api.w.org\/{rel}","templated":true}]}}